{"id":16,"date":"2014-04-22T21:10:01","date_gmt":"2014-04-22T21:10:01","guid":{"rendered":"http:\/\/www.traitjuste.com\/?page_id=16"},"modified":"2019-01-21T15:07:13","modified_gmt":"2019-01-21T15:07:13","slug":"tarifs","status":"publish","type":"page","link":"https:\/\/www.traitjuste.com\/fr\/tarifs\/","title":{"rendered":"Tarifs et conditions"},"content":{"rendered":"<p><\/p>\n<table>\n<tr>\n<td>Traduction <\/td>\n<td>26&nbsp;\u00a2\/mot &#8211; texte d&rsquo;arriv\u00e9e<\/td>\n<\/tr>\n<tr>\n<td>Suppl\u00e9ment pour traduction urgente <\/td>\n<td>variable<\/td>\n<\/tr>\n<tr>\n<td>Suppl\u00e9ment pour complexit\u00e9 technique<\/td>\n<td>variable<\/td>\n<\/tr>\n<tr>\n<td>R\u00e9daction<\/td>\n<td>42&nbsp;\u00a2\/mot<\/td>\n<\/tr>\n<tr>\n<td>R\u00e9vision <\/td>\n<td>entre 42&nbsp;$ et 60&nbsp;$ l\u2019heure selon la complexit\u00e9 du texte<\/td>\n<\/tr>\n<tr>\n<td>Correction d\u2019\u00e9preuves  <\/td>\n<td>35&nbsp;$ l\u2019heure<\/td>\n<\/tr>\n<tr>\n<td>Frais de certification d\u2019une traduction (p.ex. pour institutions d\u2019\u00e9tudes sup\u00e9rieures)<\/td>\n<td>150&nbsp;$ <\/td>\n<\/tr>\n<tr>\n<td>Mise en page et traitement de texte<\/td>\n<td>25&nbsp;$ l\u2019heure<\/td>\n<\/tr>\n<tr>\n<td>Transcription de mat\u00e9riel audio<\/td>\n<td>25&nbsp;$ l\u2019heure<\/td>\n<\/tr>\n<tr>\n<td>Indexation d\u2019ouvrages<\/td>\n<td>variable<\/td>\n<\/tr>\n<tr>\n<td>Services accessoires ; tarifs \u00e9tudiants et ONG ; consultations de tous ordres<\/td>\n<td>n\u00e9gociable <\/td>\n<\/tr>\n<tr>\n<td>Tarif minimal<\/td>\n<td>50&nbsp;$ <\/td>\n<\/tr>\n<\/table>\n<p>Traductions &#8211; Le tarif au mot englobe la r\u00e9vision et la correction d\u2019\u00e9preuves. Il s\u2019applique au nombre de mots dans le texte d&rsquo;arriv\u00e9e.<\/p>\n<p><em><strong>Tarifs pour textes bilingues<\/strong><br \/>\nTarif fixe tenant compte d&rsquo;un taux de foisonnement de 15&nbsp;% \u00e0 20&nbsp;% en fran\u00e7ais.<br \/>\nPour chaque commande de 100 mots en fran\u00e7ais, il en co\u00fbtera :<br \/>\n35&nbsp;$ pour la r\u00e9daction et<br \/>\n25&nbsp;$ pour la traduction,<br \/>\npeu importe que le texte soit r\u00e9dig\u00e9 en fran\u00e7ais et traduit en anglais ou vice versa.<br \/>\n<\/em><br \/>\nLes factures sont payables \u00e0 la livraison dans le cas des nouveaux clients; net 30 jours \u00e0 compter de la date de facturation dans le cas des clients r\u00e9guliers. Un paiement partiel peut \u00eatre exig\u00e9 \u00e0 l\u2019avance dans le cas des projets majeurs ou \u00e0 long terme. Des frais minimaux sont exig\u00e9s pour tous les projets.<\/p>\n<p>Veuillez effectuer votre paiement par ch\u00e8que \u00e0 l\u2019adresse suivante :<\/p>\n<p>Le Trait juste<br \/>\n4601, rue Jeanne-Mance<br \/>\nMontr\u00e9al (Qu\u00e9bec) H2V 4J5<\/p>\n<div id=\"privacylink\">\n<a href=\"http:\/\/www.traitjuste.com\/fr\/confidentialite\/\">\u00c9nonc\u00e9 de confidentialit\u00e9 \/ Conditions g\u00e9n\u00e9rales<\/a>\n<\/div>\n<div id=\"gallery\" class=\"illuminationsgallery\">\n<div id=\"galleryheader\"> Espace<br \/>galerie <\/p>\n<div id=\"enlarge\">Cliquer sur les images pour agrandir<\/div>\n<\/div>\n<div id=\"galleryintro\">Pour votre agr\u00e9ment, un Espace galerie, t\u00e9moin de l&rsquo;int\u00e9r\u00eat  que nous portons \u00e0 l&rsquo;art sous toutes ses formes.<\/div>\n<div id=\"gallerypics\">\n<div class=\"pic\"><a href=\"\/wp-content\/themes\/traitjuste\/images\/cantigas1.gif\"><img decoding=\"async\" src=\"\/wp-content\/themes\/traitjuste\/images\/thumb_cantigas1.jpg\" \/><\/a><\/div>\n<div class=\"pic\"><a href=\"\/wp-content\/themes\/traitjuste\/images\/cantigas2.gif\"><img decoding=\"async\" src=\"\/wp-content\/themes\/traitjuste\/images\/thumb_cantigas2.jpg\" \/><\/a><\/p>\n<\/div>\n<div class=\"pic\"><a href=\"\/wp-content\/themes\/traitjuste\/images\/cantigas3.gif\"><img decoding=\"async\" src=\"\/wp-content\/themes\/traitjuste\/images\/thumb_cantigas3.jpg\" \/><\/a><\/p>\n<\/div>\n<div class=\"pic\"><a href=\"\/wp-content\/themes\/traitjuste\/images\/cantigas4.jpg\"><img decoding=\"async\" src=\"\/wp-content\/themes\/traitjuste\/images\/thumb_cantigas4.jpg\" \/><\/a><\/p>\n<\/div>\n<\/div>\n<div id=\"gallerytitle\">Quelques enluminures paraissant dans les <em>Cantigas de Santa Maria<\/em> d&rsquo;Alfonso X, el Sabio (1221-1284). Madrid, Biblioteca Nacional.<\/div>\n<\/div>\n<p><\/p>","protected":false},"excerpt":{"rendered":"<p>Traduction 26&nbsp;\u00a2\/mot &#8211; texte d&rsquo;arriv\u00e9e Suppl\u00e9ment pour traduction urgente variable Suppl\u00e9ment pour complexit\u00e9 technique variable R\u00e9daction 42&nbsp;\u00a2\/mot R\u00e9vision entre 42&nbsp;$ et 60&nbsp;$ l\u2019heure selon la complexit\u00e9 du texte Correction d\u2019\u00e9preuves 35&nbsp;$ l\u2019heure Frais de certification d\u2019une traduction (p.ex. pour institutions d\u2019\u00e9tudes sup\u00e9rieures) 150&nbsp;$ Mise en page et traitement de texte 25&nbsp;$ l\u2019heure Transcription de mat\u00e9riel [&hellip;]<\/p>\n","protected":false},"author":1,"featured_media":0,"parent":0,"menu_order":3,"comment_status":"open","ping_status":"closed","template":"","meta":{"footnotes":""},"_links":{"self":[{"href":"https:\/\/www.traitjuste.com\/fr\/wp-json\/wp\/v2\/pages\/16"}],"collection":[{"href":"https:\/\/www.traitjuste.com\/fr\/wp-json\/wp\/v2\/pages"}],"about":[{"href":"https:\/\/www.traitjuste.com\/fr\/wp-json\/wp\/v2\/types\/page"}],"author":[{"embeddable":true,"href":"https:\/\/www.traitjuste.com\/fr\/wp-json\/wp\/v2\/users\/1"}],"replies":[{"embeddable":true,"href":"https:\/\/www.traitjuste.com\/fr\/wp-json\/wp\/v2\/comments?post=16"}],"version-history":[{"count":6,"href":"https:\/\/www.traitjuste.com\/fr\/wp-json\/wp\/v2\/pages\/16\/revisions"}],"predecessor-version":[{"id":154,"href":"https:\/\/www.traitjuste.com\/fr\/wp-json\/wp\/v2\/pages\/16\/revisions\/154"}],"wp:attachment":[{"href":"https:\/\/www.traitjuste.com\/fr\/wp-json\/wp\/v2\/media?parent=16"}],"curies":[{"name":"wp","href":"https:\/\/api.w.org\/{rel}","templated":true}]}}