{"id":20,"date":"2014-04-22T21:12:13","date_gmt":"2014-04-22T21:12:13","guid":{"rendered":"http:\/\/www.traitjuste.com\/?page_id=20"},"modified":"2020-06-30T14:10:35","modified_gmt":"2020-06-30T14:10:35","slug":"contact","status":"publish","type":"page","link":"https:\/\/www.traitjuste.com\/fr\/contact\/","title":{"rendered":"Contact"},"content":{"rendered":"<p><\/p>\n<div class=\"floatfix\">\n<div class=\"quotebox\">\n&laquo;<span class=fine>&nbsp;<\/span>LE TRAIT JUSTE offre des traductions intelligentes, attrayantes et color\u00e9es. Nos textes ressortent bonifi\u00e9s par le regard aiguis\u00e9 de Rachelle. En plus, le travail est fait avec une rapidit\u00e9 sans pareille et le service est courtois&nbsp;!&nbsp;<\/span>&raquo; <\/p>\n<blockquote><p>Marie-Pierre Rolland,<br \/>\nancienne directrice g\u00e9n\u00e9rale<br \/>\n<a href=\"http:\/\/www.osl.qc.ca\/\">Orchestre symphonique de Laval<\/a>\n<\/div>\n<p><strong>Le Trait juste<\/strong><\/p>\n<p>4601, rue Jeanne-Mance<br \/>\nMontr\u00e9al (Qu\u00e9bec) H2V 4J5<\/p>\n<p>Courriel : <a href=\"mailto:r.taylor@traitjuste.com\">r.taylor@traitjuste.com<\/a><br \/>\nT\u00e9l\u00e9phone : 514-926-9570<br \/>\nT\u00e9l\u00e9copieur : 514-288-3942<\/p>\n<div class=\"quotebox leftbox\">\n<em>&laquo;<span class=fine>&nbsp;<\/span>Il y a de la musique aux mots.<span class=fine>&nbsp;<\/span>&raquo;<\/em>\n<\/div>\n<div class=\"explainbox\">\n&laquo;<span class=fine>&nbsp;<\/span><em>Il n&rsquo;y a qu&rsquo;un moyen de rendre fid\u00e8lement l&rsquo;auteur d&rsquo;une langue \u00e9trang\u00e8re dans la n\u00f4tre : c&rsquo;est d&rsquo;avoir l&rsquo;\u00e2me bien p\u00e9n\u00e9tr\u00e9e des impressions qu&rsquo;on en a re\u00e7ues, et de n&rsquo;\u00eatre satisfait de sa traduction que quand elle r\u00e9veillera les m\u00eames impressions dans l&rsquo;\u00e2me du lecteur.&nbsp;!&nbsp;<\/span>&raquo; &#8211; Diderot<\/em>\n<\/div>\n<div id=\"gallery\" class=\"cantusfirmusgallery\">\n<div id=\"galleryheader\">Espace<br \/>galerie<\/p>\n<div id=\"enlarge\">Cliquer sur les images pour agrandir<\/div>\n<\/div>\n<div id=\"galleryintro\">Pour votre agr\u00e9ment, un Espace galerie, t\u00e9moin de l&rsquo;int\u00e9r\u00eat que nous portons \u00e0 l&rsquo;art sous toutes ses formes.<\/div>\n<div id=\"gallerypics\">\n<div class=\"pic\"><a href=\"\/wp-content\/themes\/traitjuste\/images\/cantusfirmus1.jpg\"><img decoding=\"async\" src=\"\/wp-content\/themes\/traitjuste\/images\/thumb_cantusfirmus1.jpg\" \/><\/a><\/div>\n<div class=\"pic\"><a href=\"\/wp-content\/themes\/traitjuste\/images\/cantusfirmus2.jpg\"><img decoding=\"async\" src=\"\/wp-content\/themes\/traitjuste\/images\/thumb_cantusfirmus2.jpg\" \/><\/a><\/div>\n<div class=\"pic\"><a href=\"\/wp-content\/themes\/traitjuste\/images\/cantusfirmus3.jpg\"><img decoding=\"async\" src=\"\/wp-content\/themes\/traitjuste\/images\/thumb_cantusfirmus3.jpg\" \/><\/a><\/div>\n<div class=\"pic\"><a href=\"\/wp-content\/themes\/traitjuste\/images\/cantusfirmus4.jpg\"><img decoding=\"async\" src=\"\/wp-content\/themes\/traitjuste\/images\/thumb_cantusfirmus4.jpg\" \/><\/a><\/div>\n<\/div>\n<div id=\"gallerytitle\"><em>Cantus Firmus<\/em>, Anne Kahane<\/div>\n<div id=\"authorization\">Avec l&rsquo;aimable autorisation de l&rsquo;artiste<\/div>\n<\/div>\n<p><\/p>","protected":false},"excerpt":{"rendered":"<p>&laquo;&nbsp;LE TRAIT JUSTE offre des traductions intelligentes, attrayantes et color\u00e9es. Nos textes ressortent bonifi\u00e9s par le regard aiguis\u00e9 de Rachelle. En plus, le travail est fait avec une rapidit\u00e9 sans pareille et le service est courtois&nbsp;!&nbsp;&raquo; Marie-Pierre Rolland, ancienne directrice g\u00e9n\u00e9rale Orchestre symphonique de Laval Le Trait juste 4601, rue Jeanne-Mance Montr\u00e9al (Qu\u00e9bec) H2V 4J5 [&hellip;]<\/p>\n","protected":false},"author":1,"featured_media":0,"parent":0,"menu_order":5,"comment_status":"open","ping_status":"open","template":"","meta":{"footnotes":""},"_links":{"self":[{"href":"https:\/\/www.traitjuste.com\/fr\/wp-json\/wp\/v2\/pages\/20"}],"collection":[{"href":"https:\/\/www.traitjuste.com\/fr\/wp-json\/wp\/v2\/pages"}],"about":[{"href":"https:\/\/www.traitjuste.com\/fr\/wp-json\/wp\/v2\/types\/page"}],"author":[{"embeddable":true,"href":"https:\/\/www.traitjuste.com\/fr\/wp-json\/wp\/v2\/users\/1"}],"replies":[{"embeddable":true,"href":"https:\/\/www.traitjuste.com\/fr\/wp-json\/wp\/v2\/comments?post=20"}],"version-history":[{"count":6,"href":"https:\/\/www.traitjuste.com\/fr\/wp-json\/wp\/v2\/pages\/20\/revisions"}],"predecessor-version":[{"id":662,"href":"https:\/\/www.traitjuste.com\/fr\/wp-json\/wp\/v2\/pages\/20\/revisions\/662"}],"wp:attachment":[{"href":"https:\/\/www.traitjuste.com\/fr\/wp-json\/wp\/v2\/media?parent=20"}],"curies":[{"name":"wp","href":"https:\/\/api.w.org\/{rel}","templated":true}]}}