{"id":312,"date":"2014-07-18T12:40:24","date_gmt":"2014-07-18T12:40:24","guid":{"rendered":"http:\/\/www.traitjuste.com\/?page_id=312"},"modified":"2014-08-07T20:43:33","modified_gmt":"2014-08-07T20:43:33","slug":"confidentialite","status":"publish","type":"page","link":"https:\/\/www.traitjuste.com\/fr\/confidentialite\/","title":{"rendered":"\u00c9nonc\u00e9 de confidentialit\u00e9 et de s\u00e9curit\u00e9"},"content":{"rendered":"<p>Les services linguistiques Le Trait juste respectent le droit \u00e0 la confidentialit\u00e9 et \u00e0 la s\u00e9curit\u00e9 de tous ses clients et de tous les visiteurs du pr\u00e9sent site Internet. Les renseignements qui y sont recueillis seront utilis\u00e9s uniquement \u00e0 des fins de transaction commerciale et dans le cadre des relations avec le client. <\/p>\n<h2><strong>Confidentialit\u00e9 des renseignements<\/strong><\/h2>\n<p>Nous respectons le caract\u00e8re confidentiel des activit\u00e9s commerciales de nos clients. Pour votre protection, nous exigeons de tous nos employ\u00e9s qu\u2019ils signent une entente assurant le respect de cette confidentialit\u00e9.<\/p>\n<h2><strong>Conditions g\u00e9n\u00e9rales<\/strong><\/h2>\n<p>Les factures sont payables \u00e0 la livraison dans le cas des nouveaux clients ; net 30 jours \u00e0 compter de la date de facturation pour les clients r\u00e9guliers. Un paiement partiel peut \u00eatre exig\u00e9 \u00e0 l\u2019avance s&rsquo;il s&rsquo;agit d&rsquo;un projet d&rsquo;envergure ou \u00e0 long terme. Des frais minimaux sont imput\u00e9s \u00e0 tous les projets (voir <a href=\"http:\/\/www.traitjuste.com\/fr\/tarifs\/\">grille des tarifs<\/a>).<\/p>\n<p>Veuillez effectuer votre paiement par ch\u00e8que (<a href=\"http:\/\/www.traitjuste.com\/fr\/contact\/\">adresse<\/a>)<br \/>\n<br \/>\n<br \/>\n<\/p>","protected":false},"excerpt":{"rendered":"<p>Les services linguistiques Le Trait juste respectent le droit \u00e0 la confidentialit\u00e9 et \u00e0 la s\u00e9curit\u00e9 de tous ses clients et de tous les visiteurs du pr\u00e9sent site Internet. Les renseignements qui y sont recueillis seront utilis\u00e9s uniquement \u00e0 des fins de transaction commerciale et dans le cadre des relations avec le client. Confidentialit\u00e9 des [&hellip;]<\/p>\n","protected":false},"author":1,"featured_media":0,"parent":0,"menu_order":0,"comment_status":"open","ping_status":"open","template":"","meta":{"footnotes":""},"_links":{"self":[{"href":"https:\/\/www.traitjuste.com\/fr\/wp-json\/wp\/v2\/pages\/312"}],"collection":[{"href":"https:\/\/www.traitjuste.com\/fr\/wp-json\/wp\/v2\/pages"}],"about":[{"href":"https:\/\/www.traitjuste.com\/fr\/wp-json\/wp\/v2\/types\/page"}],"author":[{"embeddable":true,"href":"https:\/\/www.traitjuste.com\/fr\/wp-json\/wp\/v2\/users\/1"}],"replies":[{"embeddable":true,"href":"https:\/\/www.traitjuste.com\/fr\/wp-json\/wp\/v2\/comments?post=312"}],"version-history":[{"count":11,"href":"https:\/\/www.traitjuste.com\/fr\/wp-json\/wp\/v2\/pages\/312\/revisions"}],"predecessor-version":[{"id":496,"href":"https:\/\/www.traitjuste.com\/fr\/wp-json\/wp\/v2\/pages\/312\/revisions\/496"}],"wp:attachment":[{"href":"https:\/\/www.traitjuste.com\/fr\/wp-json\/wp\/v2\/media?parent=312"}],"curies":[{"name":"wp","href":"https:\/\/api.w.org\/{rel}","templated":true}]}}